{"id":536,"date":"2023-07-03T19:53:24","date_gmt":"2023-07-03T17:53:24","guid":{"rendered":"https:\/\/cloverconsulting.es\/?page_id=536"},"modified":"2023-07-03T20:11:01","modified_gmt":"2023-07-03T18:11:01","slug":"politica-de-cookies","status":"publish","type":"page","link":"https:\/\/cloverconsulting.es\/en\/politica-de-cookies\/","title":{"rendered":"Pol\u00edtica de Cookies"},"content":{"rendered":"<h4 class=\"wp-block-heading\">Informaci\u00f3n sobre nuestro uso de cookies.<\/h4>\n\n\n\n<p>Este sitio web https:\/\/cloverconsulting.es utiliza cookies para proporcionar a los usuarios una buena experiencia cuando navegan por nuestro sitio web y tambi\u00e9n nos permite mejorar nuestro sitio.<\/p>\n\n\n\n<h4 class=\"wp-block-heading\">\u00bfQu\u00e9 es una cookie?<\/h4>\n\n\n\n<p>Una cookie es un peque\u00f1o archivo de letras y n\u00fameros que almacenamos en el navegador del usuario o en el disco duro de su computadora si est\u00e1n de acuerdo. Las cookies contienen informaci\u00f3n que se transfiere al disco duro de la computadora del usuario.<\/p>\n\n\n\n<h4 class=\"wp-block-heading\">Clasificaci\u00f3n de cookies e informaci\u00f3n de su uso.<\/h4>\n\n\n\n<p>Realizamos an\u00e1lisis de cookies en nuestro sitio web de forma regular y mantenemos nuestra lista de cookies actualizada. Clasificamos las cookies en cuatro categor\u00edas:<\/p>\n\n\n\n<ul class=\"wp-block-list\">\n<li><strong>Cookies necesarias:<\/strong>&nbsp;Son cookies necesarias para el funcionamiento de nuestro sitio web. Incluyen, por ejemplo, cookies que permiten a los visitantes del sitio web iniciar sesi\u00f3n en \u00e1reas seguras de nuestro sitio web.<\/li>\n\n\n\n<li><strong>Cookies anal\u00edticas:<\/strong>&nbsp;Nos permiten reconocer y contar el n\u00famero de visitantes y ver c\u00f3mo los visitantes se mueven por nuestro sitio web cuando lo utilizan. Esto nos ayuda a mejorar la forma en que funciona nuestro sitio web, por ejemplo, al garantizar que los usuarios encuentren lo que buscan f\u00e1cilmente.<\/li>\n\n\n\n<li><strong>Cookies de preferencias:<\/strong>&nbsp;Se utilizan para reconocer a los usuarios cuando regresan a nuestro sitio web. Esto nos permite personalizar nuestro contenido para ellos y recordar sus preferencias (por ejemplo, su elecci\u00f3n de idioma o regi\u00f3n).<\/li>\n\n\n\n<li><strong>Cookies de marketing:<\/strong>&nbsp;Estas cookies registran las visitas de los usuarios a nuestro sitio web, las p\u00e1ginas que han visitado y los enlaces que han seguido. Usaremos esta informaci\u00f3n para hacer que nuestro sitio web y la publicidad que se muestra en \u00e9l sean m\u00e1s relevantes para los intereses de los visitantes de nuestro sitio web.<\/li>\n<\/ul>\n\n\n\n<p>Dependiendo de la ubicaci\u00f3n del usuario, este podr\u00e1 optar por no participar en cada categor\u00eda de cookies (excepto las cookies necesarias) haciendo clic en \u00abConfigurar cookies\u00bb en el banner de cookies de nuestro sitio web.<\/p>","protected":false},"excerpt":{"rendered":"<p>Informaci\u00f3n sobre nuestro uso de cookies. Este sitio web https:\/\/cloverconsulting.es utiliza cookies para proporcionar a los usuarios una buena experiencia cuando navegan por nuestro sitio web y tambi\u00e9n nos permite mejorar nuestro sitio. \u00bfQu\u00e9 es una cookie? Una cookie es un peque\u00f1o archivo de letras y n\u00fameros que almacenamos en el navegador del usuario o [&hellip;]<\/p>\n","protected":false},"author":1,"featured_media":0,"parent":0,"menu_order":0,"comment_status":"closed","ping_status":"closed","template":"","meta":{"_acf_changed":false,"footnotes":""},"class_list":["post-536","page","type-page","status-publish","hentry"],"acf":[],"_links":{"self":[{"href":"https:\/\/cloverconsulting.es\/en\/wp-json\/wp\/v2\/pages\/536","targetHints":{"allow":["GET"]}}],"collection":[{"href":"https:\/\/cloverconsulting.es\/en\/wp-json\/wp\/v2\/pages"}],"about":[{"href":"https:\/\/cloverconsulting.es\/en\/wp-json\/wp\/v2\/types\/page"}],"author":[{"embeddable":true,"href":"https:\/\/cloverconsulting.es\/en\/wp-json\/wp\/v2\/users\/1"}],"replies":[{"embeddable":true,"href":"https:\/\/cloverconsulting.es\/en\/wp-json\/wp\/v2\/comments?post=536"}],"version-history":[{"count":2,"href":"https:\/\/cloverconsulting.es\/en\/wp-json\/wp\/v2\/pages\/536\/revisions"}],"predecessor-version":[{"id":540,"href":"https:\/\/cloverconsulting.es\/en\/wp-json\/wp\/v2\/pages\/536\/revisions\/540"}],"wp:attachment":[{"href":"https:\/\/cloverconsulting.es\/en\/wp-json\/wp\/v2\/media?parent=536"}],"curies":[{"name":"wp","href":"https:\/\/api.w.org\/{rel}","templated":true}]}}